{"id":1357,"date":"2023-12-02T10:30:31","date_gmt":"2023-12-02T09:30:31","guid":{"rendered":"https:\/\/leschaisduportdelalune.com\/?post_type=product&#038;p=1357"},"modified":"2026-03-08T15:29:21","modified_gmt":"2026-03-08T14:29:21","slug":"coffret-2-bouteilles-canon23-trompette-2024","status":"publish","type":"product","link":"https:\/\/leschaisduportdelalune.com\/en\/product\/coffret-2-bouteilles-canon23-trompette-2024\/","title":{"rendered":"Coffret 2 bouteilles | Canon 2023 &#038; Trompette 2024"},"content":{"rendered":"<p><a href=\"https:\/\/leschaisduportdelalune.com\/en\/product\/canon-2022\/\">Canon<\/a> \u00e9tait aussi l\u2019armement d\u2019une b\u00e2tisse qui exista dans notre centre-ville de Bordeaux. Elle portait le m\u00eame nom qu\u2019un lieu traditionnel local o\u00f9 l\u2019on produit g\u00e9n\u00e9ralement du vin\u2026 A vous d\u2019en r\u00e9soudre l\u2019\u00e9nigme autour de cette bouteille !<br \/>\nCanon a une identit\u00e9 riche et complexe, ne ressemblant \u00e0 aucun assemblage classique : nous buvons l\u2019\u00e2me du lieu et l\u2019histoire du grand-p\u00e8re qui travaillait ses vignes en complantation et agroforesterie. Dans notre cuve, une dizaine de c\u00e9pages se sont rencontr\u00e9s pour s\u2019accorder et trouver leur harmonie aromatique. Une belle bagarre entre blanc (environ 5%) et rouge qui pose le<br \/>\ntempo avec fruits rouges et quelques notes de fruits \u00e0 chair blanche inattendus. Une l\u00e9g\u00e8re mac\u00e9ration, six mois dans de vieilles barriques et la pr\u00e9sence de raisins blancs, le r\u00e9sultat balance la bouche entre fraicheur et une puissance tannique agr\u00e9able d\u00e8s son plus jeune \u00e2ge.<\/p>\n<p><a href=\"https:\/\/leschaisduportdelalune.com\/en\/product\/trompette-2022\/\">Trompette<\/a> est un clin d\u2019\u0153il \u00e0 notre belle r\u00e9gion. Une forme jaune en \u00e9toile repr\u00e9sentant le plan d\u2019un Ch\u00e2teau historique du centre-ville et un animal embl\u00e9matique des armoiries de cette m\u00eame ville jouant de la Trompette. A vous d\u2019en r\u00e9soudre l\u2019\u00e9nigme autour de cette bouteille\u00a0!<\/p>\n<p>This white wine comes from the same property as our Canon cuv\u00e9e. It has a rich and complex identity, unlike any classic blend: we drink the soul of this place, and the history of the grandfather who used to work these vines, mixing grape varieties and planting trees within the blocks. Several clones and varieties, that have not all been identified, meet in our press to fine tune their aromatic harmony. Slight oxidative notes of dried fruits, honey and stone fruits intertwine\u2026 and yet there is acidity! A wine that has caused more than one person difficulty to find the right food pairing.<\/p>","protected":false},"excerpt":{"rendered":"<p>Les cuv\u00e9es <a href=\"https:\/\/leschaisduportdelalune.com\/en\/product\/canon-2022\/\">Canon<\/a> et <a href=\"https:\/\/leschaisduportdelalune.com\/en\/product\/trompette-2022\/\">Trompette<\/a> 2023 reviennent dans un beau coffret en bois s\u00e9rigraphi\u00e9, comprenant les 2 bouteilles.<\/p>\n[fusion_builder_container hundred_percent=\"no\" hundred_percent_height=\"no\" hundred_percent_height_scroll=\"no\" hundred_percent_height_center_content=\"yes\" equal_height_columns=\"no\" menu_anchor=\"\" hide_on_mobile=\"small-visibility,medium-visibility,large-visibility\" status=\"published\" publish_date=\"\" class=\"\" id=\"\" background_color=\"\" background_image=\"\" background_position=\"center center\" background_repeat=\"no-repeat\" fade=\"no\" background_parallax=\"none\" enable_mobile=\"no\" parallax_speed=\"0.3\" video_mp4=\"\" video_webm=\"\" video_ogv=\"\" video_url=\"\" video_aspect_ratio=\"16:9\" video_loop=\"yes\" video_mute=\"yes\" video_preview_image=\"\" border_size=\"\" border_color=\"\" border_style=\"solid\" margin_top=\"\" margin_bottom=\"\" padding_top=\"\" padding_right=\"\" padding_bottom=\"\" padding_left=\"\"][fusion_builder_row][fusion_builder_column type=\"1_2\" layout=\"1_2\" spacing=\"\" center_content=\"no\" link=\"\" target=\"_self\" min_height=\"\" hide_on_mobile=\"small-visibility,medium-visibility,large-visibility\" class=\"\" id=\"\" background_color=\"\" background_image=\"\" background_image_id=\"\" background_position=\"left top\" background_repeat=\"no-repeat\" hover_type=\"none\" border_size=\"0\" border_color=\"\" border_style=\"solid\" border_position=\"all\" border_radius=\"\" box_shadow=\"no\" dimension_box_shadow=\"\" box_shadow_blur=\"0\" box_shadow_spread=\"0\" box_shadow_color=\"\" box_shadow_style=\"\" padding_top=\"\" padding_right=\"\" padding_bottom=\"\" padding_left=\"\" margin_top=\"\" margin_bottom=\"\" animation_type=\"\" animation_direction=\"left\" animation_speed=\"0.3\" animation_offset=\"\" last=\"no\"][fusion_imageframe image_id=\"273|full\" max_width=\"35px\" style_type=\"\" blur=\"\" stylecolor=\"\" hover_type=\"none\" bordersize=\"\" bordercolor=\"\" borderradius=\"\" align=\"left\" lightbox=\"no\" gallery_id=\"\" lightbox_image=\"\" lightbox_image_id=\"\" alt=\"\" link=\"\" linktarget=\"_self\" hide_on_mobile=\"small-visibility,medium-visibility,large-visibility\" class=\"\" id=\"\" animation_type=\"\" animation_direction=\"left\" animation_speed=\"0.3\" animation_offset=\"\"]https:\/\/leschaisduportdelalune.com\/wp-content\/uploads\/2018\/07\/grapes.png[\/fusion_imageframe][fusion_text columns=\"\" column_min_width=\"\" column_spacing=\"\" rule_style=\"default\" rule_size=\"\" rule_color=\"\" hide_on_mobile=\"small-visibility,medium-visibility,large-visibility\" class=\"\" id=\"\"]<\/p>\n<h4 style=\"text-align: left;\">BLEND<\/h4>\n<p style=\"text-align: left;\">Mix d&rsquo;une dizaine de c\u00e9pages en complantation<\/p>\n<p>[\/fusion_text][\/fusion_builder_column][fusion_builder_column type=\"1_2\" layout=\"1_2\" spacing=\"\" center_content=\"no\" link=\"\" target=\"_self\" min_height=\"\" hide_on_mobile=\"small-visibility,medium-visibility,large-visibility\" class=\"\" id=\"\" background_color=\"\" background_image=\"\" background_image_id=\"\" background_position=\"left top\" background_repeat=\"no-repeat\" hover_type=\"none\" border_size=\"0\" border_color=\"\" border_style=\"solid\" border_position=\"all\" box_shadow=\"no\" box_shadow_blur=\"0\" box_shadow_spread=\"0\" box_shadow_color=\"\" box_shadow_style=\"\" animation_type=\"\" animation_direction=\"left\" animation_speed=\"0.3\" animation_offset=\"\" last=\"no\"][fusion_imageframe image_id=\"756|full\" max_width=\"35px\" style_type=\"\" blur=\"\" stylecolor=\"\" hover_type=\"none\" bordersize=\"\" bordercolor=\"\" borderradius=\"\" align=\"left\" lightbox=\"no\" gallery_id=\"\" lightbox_image=\"\" lightbox_image_id=\"\" alt=\"\" link=\"\" linktarget=\"_self\" hide_on_mobile=\"small-visibility,medium-visibility,large-visibility\" class=\"\" id=\"\" animation_type=\"\" animation_direction=\"left\" animation_speed=\"0.3\" animation_offset=\"\"]https:\/\/leschaisduportdelalune.com\/wp-content\/uploads\/2019\/06\/france-map-e1587650318621.png[\/fusion_imageframe][fusion_text columns=\"\" column_min_width=\"\" column_spacing=\"\" rule_style=\"default\" rule_size=\"\" rule_color=\"\" hide_on_mobile=\"small-visibility,medium-visibility,large-visibility\" class=\"\" id=\"\"]<\/p>\n<h4 style=\"text-align: left;\">APPELLATION<\/h4>\n<p style=\"text-align: left;\">Vin de France<\/p>\n<p>[\/fusion_text][\/fusion_builder_column][fusion_builder_column type=\"1_2\" layout=\"1_2\" spacing=\"\" center_content=\"no\" link=\"\" target=\"_self\" min_height=\"\" hide_on_mobile=\"small-visibility,medium-visibility,large-visibility\" class=\"\" id=\"\" background_color=\"\" background_image=\"\" background_image_id=\"\" background_position=\"left top\" background_repeat=\"no-repeat\" hover_type=\"none\" border_size=\"0\" border_color=\"\" border_style=\"solid\" border_position=\"all\" box_shadow=\"no\" box_shadow_blur=\"0\" box_shadow_spread=\"0\" box_shadow_color=\"\" box_shadow_style=\"\" animation_type=\"\" animation_direction=\"left\" animation_speed=\"0.3\" animation_offset=\"\" last=\"no\"][fusion_imageframe image_id=\"272|full\" max_width=\"35px\" style_type=\"\" blur=\"\" stylecolor=\"\" hover_type=\"none\" bordersize=\"\" bordercolor=\"\" borderradius=\"\" align=\"left\" lightbox=\"no\" gallery_id=\"\" lightbox_image=\"\" lightbox_image_id=\"\" alt=\"\" link=\"\" linktarget=\"_self\" hide_on_mobile=\"small-visibility,medium-visibility,large-visibility\" class=\"\" id=\"\" animation_type=\"\" animation_direction=\"left\" animation_speed=\"0.3\" animation_offset=\"\"]https:\/\/leschaisduportdelalune.com\/wp-content\/uploads\/2018\/07\/bottle.png[\/fusion_imageframe][fusion_text columns=\"\" column_min_width=\"\" column_spacing=\"\" rule_style=\"default\" rule_size=\"\" rule_color=\"\" hide_on_mobile=\"small-visibility,medium-visibility,large-visibility\" class=\"\" id=\"\"]<\/p>\n<h4 style=\"text-align: left;\">PRODUCTION<\/h4>\n<p style=\"text-align: left;\">3400 bouteilles<\/p>\n<p>[\/fusion_text][\/fusion_builder_column][fusion_builder_column type=\"1_2\" layout=\"1_2\" spacing=\"\" center_content=\"no\" link=\"\" target=\"_self\" min_height=\"\" hide_on_mobile=\"small-visibility,medium-visibility,large-visibility\" class=\"\" id=\"\" background_color=\"\" background_image=\"\" background_image_id=\"\" background_position=\"left top\" background_repeat=\"no-repeat\" hover_type=\"none\" border_size=\"0\" border_color=\"\" border_style=\"solid\" border_position=\"all\" box_shadow=\"no\" box_shadow_blur=\"0\" box_shadow_spread=\"0\" box_shadow_color=\"\" box_shadow_style=\"\" animation_type=\"\" animation_direction=\"left\" animation_speed=\"0.3\" animation_offset=\"\" last=\"no\"][fusion_imageframe image_id=\"824|full\" max_width=\"35px\" style_type=\"\" blur=\"\" stylecolor=\"\" hover_type=\"none\" bordersize=\"\" bordercolor=\"\" borderradius=\"\" align=\"left\" lightbox=\"no\" gallery_id=\"\" lightbox_image=\"\" lightbox_image_id=\"\" alt=\"\" link=\"\" linktarget=\"_self\" hide_on_mobile=\"small-visibility,medium-visibility,large-visibility\" class=\"\" id=\"\" animation_type=\"\" animation_direction=\"left\" animation_speed=\"0.3\" animation_offset=\"\"]https:\/\/leschaisduportdelalune.com\/wp-content\/uploads\/2020\/05\/paintbrush.png[\/fusion_imageframe][fusion_text columns=\"\" column_min_width=\"\" column_spacing=\"\" rule_style=\"default\" rule_size=\"\" rule_color=\"\" hide_on_mobile=\"small-visibility,medium-visibility,large-visibility\" class=\"\" id=\"\"]<\/p>\n<h4 style=\"text-align: left;\">LABEL ARTIST<\/h4>\n<p style=\"text-align: left;\">Mika Husser &#8211; @mika_husser<\/p>\n<p>[\/fusion_text][\/fusion_builder_column][\/fusion_builder_row][\/fusion_builder_container]","protected":false},"featured_media":1669,"template":"","meta":[],"product_cat":[49],"product_tag":[],"yoast_head":"<!-- This site is optimized with the Yoast SEO plugin v22.7 - https:\/\/yoast.com\/wordpress\/plugins\/seo\/ -->\n<title>Coffret 2 bouteilles | Canon 2023 &amp; Trompette 2024 - Les Chais du Port de la Lune<\/title>\n<meta name=\"robots\" content=\"index, follow, max-snippet:-1, max-image-preview:large, max-video-preview:-1\" \/>\n<link rel=\"canonical\" href=\"https:\/\/leschaisduportdelalune.com\/en\/product\/coffret-2-bouteilles-canon23-trompette-2024\/\" \/>\n<meta property=\"og:locale\" content=\"en_US\" \/>\n<meta property=\"og:type\" content=\"article\" \/>\n<meta property=\"og:title\" content=\"Coffret 2 bouteilles | Canon 2023 &amp; Trompette 2024 - Les Chais du Port de la Lune\" \/>\n<meta property=\"og:description\" content=\"Les cuv\u00e9es Canon et Trompette 2023 reviennent dans un beau coffret en bois s\u00e9rigraphi\u00e9, comprenant les 2 bouteilles.\" \/>\n<meta property=\"og:url\" content=\"https:\/\/leschaisduportdelalune.com\/en\/product\/coffret-2-bouteilles-canon23-trompette-2024\/\" \/>\n<meta property=\"og:site_name\" content=\"Les Chais du Port de la Lune\" \/>\n<meta property=\"article:modified_time\" content=\"2026-03-08T14:29:21+00:00\" \/>\n<meta property=\"og:image\" content=\"https:\/\/leschaisduportdelalune.com\/wp-content\/uploads\/2021\/12\/coffret-canon-2022-scaled.jpg\" \/>\n\t<meta property=\"og:image:width\" content=\"1942\" \/>\n\t<meta property=\"og:image:height\" content=\"2560\" \/>\n\t<meta property=\"og:image:type\" content=\"image\/jpeg\" \/>\n<meta name=\"twitter:card\" content=\"summary_large_image\" \/>\n<meta name=\"twitter:label1\" content=\"Est. reading time\" \/>\n\t<meta name=\"twitter:data1\" content=\"2 minutes\" \/>\n<script type=\"application\/ld+json\" class=\"yoast-schema-graph\">{\"@context\":\"https:\/\/schema.org\",\"@graph\":[{\"@type\":\"WebPage\",\"@id\":\"https:\/\/leschaisduportdelalune.com\/produit\/coffret-2-bouteilles-canon23-trompette-2024\/\",\"url\":\"https:\/\/leschaisduportdelalune.com\/produit\/coffret-2-bouteilles-canon23-trompette-2024\/\",\"name\":\"Coffret 2 bouteilles | Canon 2023 & Trompette 2024 - Les Chais du Port de la Lune\",\"isPartOf\":{\"@id\":\"https:\/\/leschaisduportdelalune.com\/#website\"},\"primaryImageOfPage\":{\"@id\":\"https:\/\/leschaisduportdelalune.com\/produit\/coffret-2-bouteilles-canon23-trompette-2024\/#primaryimage\"},\"image\":{\"@id\":\"https:\/\/leschaisduportdelalune.com\/produit\/coffret-2-bouteilles-canon23-trompette-2024\/#primaryimage\"},\"thumbnailUrl\":\"https:\/\/leschaisduportdelalune.com\/wp-content\/uploads\/2021\/12\/coffret-canon-2022-scaled.jpg\",\"datePublished\":\"2023-12-02T09:30:31+00:00\",\"dateModified\":\"2026-03-08T14:29:21+00:00\",\"breadcrumb\":{\"@id\":\"https:\/\/leschaisduportdelalune.com\/produit\/coffret-2-bouteilles-canon23-trompette-2024\/#breadcrumb\"},\"inLanguage\":\"en-US\",\"potentialAction\":[{\"@type\":\"ReadAction\",\"target\":[\"https:\/\/leschaisduportdelalune.com\/produit\/coffret-2-bouteilles-canon23-trompette-2024\/\"]}]},{\"@type\":\"ImageObject\",\"inLanguage\":\"en-US\",\"@id\":\"https:\/\/leschaisduportdelalune.com\/produit\/coffret-2-bouteilles-canon23-trompette-2024\/#primaryimage\",\"url\":\"https:\/\/leschaisduportdelalune.com\/wp-content\/uploads\/2021\/12\/coffret-canon-2022-scaled.jpg\",\"contentUrl\":\"https:\/\/leschaisduportdelalune.com\/wp-content\/uploads\/2021\/12\/coffret-canon-2022-scaled.jpg\",\"width\":1942,\"height\":2560},{\"@type\":\"BreadcrumbList\",\"@id\":\"https:\/\/leschaisduportdelalune.com\/produit\/coffret-2-bouteilles-canon23-trompette-2024\/#breadcrumb\",\"itemListElement\":[{\"@type\":\"ListItem\",\"position\":1,\"name\":\"Accueil\",\"item\":\"https:\/\/leschaisduportdelalune.com\/\"},{\"@type\":\"ListItem\",\"position\":2,\"name\":\"Boutique\",\"item\":\"https:\/\/leschaisduportdelalune.com\/en\/boutique\/\"},{\"@type\":\"ListItem\",\"position\":3,\"name\":\"Coffret 2 bouteilles | Canon 2023 &#038; Trompette 2024\"}]},{\"@type\":\"WebSite\",\"@id\":\"https:\/\/leschaisduportdelalune.com\/#website\",\"url\":\"https:\/\/leschaisduportdelalune.com\/\",\"name\":\"Les Chais du Port de la Lune\",\"description\":\"Chai urbain \u00e0 Bordeaux\",\"potentialAction\":[{\"@type\":\"SearchAction\",\"target\":{\"@type\":\"EntryPoint\",\"urlTemplate\":\"https:\/\/leschaisduportdelalune.com\/?s={search_term_string}\"},\"query-input\":\"required name=search_term_string\"}],\"inLanguage\":\"en-US\"}]}<\/script>\n<!-- \/ Yoast SEO plugin. -->","yoast_head_json":{"title":"Coffret 2 bouteilles | Canon 2023 & Trompette 2024 - Les Chais du Port de la Lune","robots":{"index":"index","follow":"follow","max-snippet":"max-snippet:-1","max-image-preview":"max-image-preview:large","max-video-preview":"max-video-preview:-1"},"canonical":"https:\/\/leschaisduportdelalune.com\/en\/product\/coffret-2-bouteilles-canon23-trompette-2024\/","og_locale":"en_US","og_type":"article","og_title":"Coffret 2 bouteilles | Canon 2023 & Trompette 2024 - Les Chais du Port de la Lune","og_description":"Les cuv\u00e9es Canon et Trompette 2023 reviennent dans un beau coffret en bois s\u00e9rigraphi\u00e9, comprenant les 2 bouteilles.","og_url":"https:\/\/leschaisduportdelalune.com\/en\/product\/coffret-2-bouteilles-canon23-trompette-2024\/","og_site_name":"Les Chais du Port de la Lune","article_modified_time":"2026-03-08T14:29:21+00:00","og_image":[{"width":1942,"height":2560,"url":"https:\/\/leschaisduportdelalune.com\/wp-content\/uploads\/2021\/12\/coffret-canon-2022-scaled.jpg","type":"image\/jpeg"}],"twitter_card":"summary_large_image","twitter_misc":{"Est. reading time":"2 minutes"},"schema":{"@context":"https:\/\/schema.org","@graph":[{"@type":"WebPage","@id":"https:\/\/leschaisduportdelalune.com\/produit\/coffret-2-bouteilles-canon23-trompette-2024\/","url":"https:\/\/leschaisduportdelalune.com\/produit\/coffret-2-bouteilles-canon23-trompette-2024\/","name":"Coffret 2 bouteilles | Canon 2023 & Trompette 2024 - Les Chais du Port de la Lune","isPartOf":{"@id":"https:\/\/leschaisduportdelalune.com\/#website"},"primaryImageOfPage":{"@id":"https:\/\/leschaisduportdelalune.com\/produit\/coffret-2-bouteilles-canon23-trompette-2024\/#primaryimage"},"image":{"@id":"https:\/\/leschaisduportdelalune.com\/produit\/coffret-2-bouteilles-canon23-trompette-2024\/#primaryimage"},"thumbnailUrl":"https:\/\/leschaisduportdelalune.com\/wp-content\/uploads\/2021\/12\/coffret-canon-2022-scaled.jpg","datePublished":"2023-12-02T09:30:31+00:00","dateModified":"2026-03-08T14:29:21+00:00","breadcrumb":{"@id":"https:\/\/leschaisduportdelalune.com\/produit\/coffret-2-bouteilles-canon23-trompette-2024\/#breadcrumb"},"inLanguage":"en-US","potentialAction":[{"@type":"ReadAction","target":["https:\/\/leschaisduportdelalune.com\/produit\/coffret-2-bouteilles-canon23-trompette-2024\/"]}]},{"@type":"ImageObject","inLanguage":"en-US","@id":"https:\/\/leschaisduportdelalune.com\/produit\/coffret-2-bouteilles-canon23-trompette-2024\/#primaryimage","url":"https:\/\/leschaisduportdelalune.com\/wp-content\/uploads\/2021\/12\/coffret-canon-2022-scaled.jpg","contentUrl":"https:\/\/leschaisduportdelalune.com\/wp-content\/uploads\/2021\/12\/coffret-canon-2022-scaled.jpg","width":1942,"height":2560},{"@type":"BreadcrumbList","@id":"https:\/\/leschaisduportdelalune.com\/produit\/coffret-2-bouteilles-canon23-trompette-2024\/#breadcrumb","itemListElement":[{"@type":"ListItem","position":1,"name":"Accueil","item":"https:\/\/leschaisduportdelalune.com\/"},{"@type":"ListItem","position":2,"name":"Boutique","item":"https:\/\/leschaisduportdelalune.com\/en\/boutique\/"},{"@type":"ListItem","position":3,"name":"Coffret 2 bouteilles | Canon 2023 &#038; Trompette 2024"}]},{"@type":"WebSite","@id":"https:\/\/leschaisduportdelalune.com\/#website","url":"https:\/\/leschaisduportdelalune.com\/","name":"Les Chais du Port de la Lune","description":"Chai urbain \u00e0 Bordeaux","potentialAction":[{"@type":"SearchAction","target":{"@type":"EntryPoint","urlTemplate":"https:\/\/leschaisduportdelalune.com\/?s={search_term_string}"},"query-input":"required name=search_term_string"}],"inLanguage":"en-US"}]}},"_links":{"self":[{"href":"https:\/\/leschaisduportdelalune.com\/en\/wp-json\/wp\/v2\/product\/1357"}],"collection":[{"href":"https:\/\/leschaisduportdelalune.com\/en\/wp-json\/wp\/v2\/product"}],"about":[{"href":"https:\/\/leschaisduportdelalune.com\/en\/wp-json\/wp\/v2\/types\/product"}],"wp:featuredmedia":[{"embeddable":true,"href":"https:\/\/leschaisduportdelalune.com\/en\/wp-json\/wp\/v2\/media\/1669"}],"wp:attachment":[{"href":"https:\/\/leschaisduportdelalune.com\/en\/wp-json\/wp\/v2\/media?parent=1357"}],"wp:term":[{"taxonomy":"product_cat","embeddable":true,"href":"https:\/\/leschaisduportdelalune.com\/en\/wp-json\/wp\/v2\/product_cat?post=1357"},{"taxonomy":"product_tag","embeddable":true,"href":"https:\/\/leschaisduportdelalune.com\/en\/wp-json\/wp\/v2\/product_tag?post=1357"}],"curies":[{"name":"wp","href":"https:\/\/api.w.org\/{rel}","templated":true}]}}