{"id":946,"date":"2020-06-25T12:56:01","date_gmt":"2020-06-25T10:56:01","guid":{"rendered":"https:\/\/leschaisduportdelalune.com\/?page_id=946"},"modified":"2022-11-22T16:37:41","modified_gmt":"2022-11-22T15:37:41","slug":"conditions-de-livraison","status":"publish","type":"page","link":"https:\/\/leschaisduportdelalune.com\/en\/conditions-de-livraison\/","title":{"rendered":"Delivery Conditions"},"content":{"rendered":"<p><div class=\"fusion-fullwidth fullwidth-box fusion-builder-row-1 nonhundred-percent-fullwidth non-hundred-percent-height-scrolling\" style=\"background-color: rgba(255,255,255,0);background-position: center center;background-repeat: no-repeat;padding-top:0px;padding-right:0px;padding-bottom:0px;padding-left:0px;margin-bottom: 0px;margin-top: 0px;border-width: 0px 0px 0px 0px;border-color:#eae9e9;border-style:solid;\" ><div class=\"fusion-builder-row fusion-row\"><div class=\"fusion-layout-column fusion_builder_column fusion-builder-column-0 fusion_builder_column_1_1 1_1 fusion-one-full fusion-column-first fusion-column-last\" style=\"margin-top:0px;margin-bottom:20px;\"><div class=\"fusion-column-wrapper fusion-flex-column-wrapper-legacy\" style=\"background-position:left top;background-repeat:no-repeat;-webkit-background-size:cover;-moz-background-size:cover;-o-background-size:cover;background-size:cover;padding: 0px 0px 0px 0px;\"><style type=\"text\/css\"><\/style><div class=\"fusion-title title fusion-title-1 fusion-sep-none fusion-title-center fusion-title-text fusion-title-size-one\" style=\"margin-top:0px;margin-right:0px;margin-bottom:31px;margin-left:0px;\"><h1 class=\"title-heading-center\" style=\"margin:0;\">CLICK &amp; COLLECT<\/h1><\/div><div class=\"fusion-text fusion-text-1\"><p style=\"text-align: center;\">Si vous avez choisi de retirer votre commande en Click &amp; Collect, vous pouvez venir la retirer :<\/p>\n<ul style=\"text-align: center;\">\n<li>tous les mardis, de 17h \u00e0 19h<\/li>\n<li>tous les jeudis, de 17h \u00e0 19h<\/li>\n<\/ul>\n<p style=\"text-align: center;\">L&rsquo;adresse de retrait des commandes est le 23, cours du M\u00e9doc, 33000 Bordeaux.<\/p>\n<\/div><div class=\"fusion-clearfix\"><\/div><\/div><\/div><\/div><\/div><div class=\"fusion-fullwidth fullwidth-box fusion-builder-row-2 nonhundred-percent-fullwidth non-hundred-percent-height-scrolling\" style=\"background-color: rgba(255,255,255,0);background-position: center center;background-repeat: no-repeat;padding-top:0px;padding-right:0px;padding-bottom:0px;padding-left:0px;margin-bottom: 0px;margin-top: 0px;border-width: 0px 0px 0px 0px;border-color:#eae9e9;border-style:solid;\" ><div class=\"fusion-builder-row fusion-row\"><div class=\"fusion-layout-column fusion_builder_column fusion-builder-column-1 fusion_builder_column_1_1 1_1 fusion-one-full fusion-column-first fusion-column-last\" style=\"margin-top:0px;margin-bottom:20px;\"><div class=\"fusion-column-wrapper fusion-flex-column-wrapper-legacy\" style=\"background-position:left top;background-repeat:no-repeat;-webkit-background-size:cover;-moz-background-size:cover;-o-background-size:cover;background-size:cover;padding: 0px 0px 0px 0px;\"><style type=\"text\/css\"><\/style><div class=\"fusion-title title fusion-title-2 fusion-sep-none fusion-title-center fusion-title-text fusion-title-size-one\" style=\"margin-top:0px;margin-right:0px;margin-bottom:31px;margin-left:0px;\"><h1 class=\"title-heading-center\" style=\"margin:0;\">FRAIS DE LIVRAISON &amp; DE CONDITIONNEMENT<\/h1><\/div><div class=\"fusion-text fusion-text-2\"><p style=\"text-align: center;\">Les commandes sont exp\u00e9di\u00e9es dans les 4 \u00e0 10 jours ouvr\u00e9s suivant la r\u00e9ception de la commande.<br \/>\nNos frais de livraison contiennent les frais d&rsquo;envoi, ainsi que l&#8217;emballage et le conditionnement des bouteilles.<\/p>\n<\/div><div class=\"fusion-clearfix\"><\/div><\/div><\/div><\/div><\/div><\/p>","protected":false},"excerpt":{"rendered":"","protected":false},"author":2,"featured_media":0,"parent":0,"menu_order":0,"comment_status":"closed","ping_status":"closed","template":"","meta":{"footnotes":""},"yoast_head":"<!-- This site is optimized with the Yoast SEO plugin v22.7 - https:\/\/yoast.com\/wordpress\/plugins\/seo\/ -->\n<title>Conditions de livraison - Les Chais du Port de la Lune<\/title>\n<meta name=\"robots\" content=\"index, follow, max-snippet:-1, max-image-preview:large, max-video-preview:-1\" \/>\n<link rel=\"canonical\" href=\"https:\/\/leschaisduportdelalune.com\/en\/conditions-de-livraison\/\" \/>\n<meta property=\"og:locale\" content=\"en_US\" \/>\n<meta property=\"og:type\" content=\"article\" \/>\n<meta property=\"og:title\" content=\"Conditions de livraison - Les Chais du Port de la Lune\" \/>\n<meta property=\"og:url\" content=\"https:\/\/leschaisduportdelalune.com\/en\/conditions-de-livraison\/\" \/>\n<meta property=\"og:site_name\" content=\"Les Chais du Port de la Lune\" \/>\n<meta property=\"article:modified_time\" content=\"2022-11-22T15:37:41+00:00\" \/>\n<meta name=\"twitter:card\" content=\"summary_large_image\" \/>\n<meta name=\"twitter:label1\" content=\"Est. reading time\" \/>\n\t<meta name=\"twitter:data1\" content=\"4 minutes\" \/>\n<script type=\"application\/ld+json\" class=\"yoast-schema-graph\">{\"@context\":\"https:\/\/schema.org\",\"@graph\":[{\"@type\":\"WebPage\",\"@id\":\"https:\/\/leschaisduportdelalune.com\/conditions-de-livraison\/\",\"url\":\"https:\/\/leschaisduportdelalune.com\/conditions-de-livraison\/\",\"name\":\"Conditions de livraison - Les Chais du Port de la Lune\",\"isPartOf\":{\"@id\":\"https:\/\/leschaisduportdelalune.com\/#website\"},\"datePublished\":\"2020-06-25T10:56:01+00:00\",\"dateModified\":\"2022-11-22T15:37:41+00:00\",\"breadcrumb\":{\"@id\":\"https:\/\/leschaisduportdelalune.com\/conditions-de-livraison\/#breadcrumb\"},\"inLanguage\":\"en-US\",\"potentialAction\":[{\"@type\":\"ReadAction\",\"target\":[\"https:\/\/leschaisduportdelalune.com\/conditions-de-livraison\/\"]}]},{\"@type\":\"BreadcrumbList\",\"@id\":\"https:\/\/leschaisduportdelalune.com\/conditions-de-livraison\/#breadcrumb\",\"itemListElement\":[{\"@type\":\"ListItem\",\"position\":1,\"name\":\"Accueil\",\"item\":\"https:\/\/leschaisduportdelalune.com\/\"},{\"@type\":\"ListItem\",\"position\":2,\"name\":\"Conditions de livraison\"}]},{\"@type\":\"WebSite\",\"@id\":\"https:\/\/leschaisduportdelalune.com\/#website\",\"url\":\"https:\/\/leschaisduportdelalune.com\/\",\"name\":\"Les Chais du Port de la Lune\",\"description\":\"Chai urbain \u00e0 Bordeaux\",\"potentialAction\":[{\"@type\":\"SearchAction\",\"target\":{\"@type\":\"EntryPoint\",\"urlTemplate\":\"https:\/\/leschaisduportdelalune.com\/?s={search_term_string}\"},\"query-input\":\"required name=search_term_string\"}],\"inLanguage\":\"en-US\"}]}<\/script>\n<!-- \/ Yoast SEO plugin. -->","yoast_head_json":{"title":"Conditions de livraison - Les Chais du Port de la Lune","robots":{"index":"index","follow":"follow","max-snippet":"max-snippet:-1","max-image-preview":"max-image-preview:large","max-video-preview":"max-video-preview:-1"},"canonical":"https:\/\/leschaisduportdelalune.com\/en\/conditions-de-livraison\/","og_locale":"en_US","og_type":"article","og_title":"Conditions de livraison - Les Chais du Port de la Lune","og_url":"https:\/\/leschaisduportdelalune.com\/en\/conditions-de-livraison\/","og_site_name":"Les Chais du Port de la Lune","article_modified_time":"2022-11-22T15:37:41+00:00","twitter_card":"summary_large_image","twitter_misc":{"Est. reading time":"4 minutes"},"schema":{"@context":"https:\/\/schema.org","@graph":[{"@type":"WebPage","@id":"https:\/\/leschaisduportdelalune.com\/conditions-de-livraison\/","url":"https:\/\/leschaisduportdelalune.com\/conditions-de-livraison\/","name":"Conditions de livraison - Les Chais du Port de la Lune","isPartOf":{"@id":"https:\/\/leschaisduportdelalune.com\/#website"},"datePublished":"2020-06-25T10:56:01+00:00","dateModified":"2022-11-22T15:37:41+00:00","breadcrumb":{"@id":"https:\/\/leschaisduportdelalune.com\/conditions-de-livraison\/#breadcrumb"},"inLanguage":"en-US","potentialAction":[{"@type":"ReadAction","target":["https:\/\/leschaisduportdelalune.com\/conditions-de-livraison\/"]}]},{"@type":"BreadcrumbList","@id":"https:\/\/leschaisduportdelalune.com\/conditions-de-livraison\/#breadcrumb","itemListElement":[{"@type":"ListItem","position":1,"name":"Accueil","item":"https:\/\/leschaisduportdelalune.com\/"},{"@type":"ListItem","position":2,"name":"Conditions de livraison"}]},{"@type":"WebSite","@id":"https:\/\/leschaisduportdelalune.com\/#website","url":"https:\/\/leschaisduportdelalune.com\/","name":"Les Chais du Port de la Lune","description":"Chai urbain \u00e0 Bordeaux","potentialAction":[{"@type":"SearchAction","target":{"@type":"EntryPoint","urlTemplate":"https:\/\/leschaisduportdelalune.com\/?s={search_term_string}"},"query-input":"required name=search_term_string"}],"inLanguage":"en-US"}]}},"_links":{"self":[{"href":"https:\/\/leschaisduportdelalune.com\/en\/wp-json\/wp\/v2\/pages\/946"}],"collection":[{"href":"https:\/\/leschaisduportdelalune.com\/en\/wp-json\/wp\/v2\/pages"}],"about":[{"href":"https:\/\/leschaisduportdelalune.com\/en\/wp-json\/wp\/v2\/types\/page"}],"author":[{"embeddable":true,"href":"https:\/\/leschaisduportdelalune.com\/en\/wp-json\/wp\/v2\/users\/2"}],"replies":[{"embeddable":true,"href":"https:\/\/leschaisduportdelalune.com\/en\/wp-json\/wp\/v2\/comments?post=946"}],"version-history":[{"count":5,"href":"https:\/\/leschaisduportdelalune.com\/en\/wp-json\/wp\/v2\/pages\/946\/revisions"}],"predecessor-version":[{"id":1515,"href":"https:\/\/leschaisduportdelalune.com\/en\/wp-json\/wp\/v2\/pages\/946\/revisions\/1515"}],"wp:attachment":[{"href":"https:\/\/leschaisduportdelalune.com\/en\/wp-json\/wp\/v2\/media?parent=946"}],"curies":[{"name":"wp","href":"https:\/\/api.w.org\/{rel}","templated":true}]}}