{"id":10,"date":"2018-05-15T18:00:12","date_gmt":"2018-05-15T16:00:12","guid":{"rendered":"https:\/\/leschaisduportdelalune.com\/?page_id=10"},"modified":"2020-05-29T13:32:16","modified_gmt":"2020-05-29T11:32:16","slug":"mentions-legales","status":"publish","type":"page","link":"https:\/\/leschaisduportdelalune.com\/en\/mentions-legales\/","title":{"rendered":"Mentions l\u00e9gales"},"content":{"rendered":"<div class=\"fusion-fullwidth fullwidth-box fusion-builder-row-1 nonhundred-percent-fullwidth non-hundred-percent-height-scrolling\" style=\"background-color: rgba(255,255,255,0);background-position: center center;background-repeat: no-repeat;padding-top:0px;padding-right:0px;padding-bottom:0px;padding-left:0px;margin-bottom: 0px;margin-top: 0px;border-width: 0px 0px 0px 0px;border-color:#eae9e9;border-style:solid;\" ><div class=\"fusion-builder-row fusion-row\"><div class=\"fusion-layout-column fusion_builder_column fusion-builder-column-0 fusion_builder_column_1_1 1_1 fusion-one-full fusion-column-first fusion-column-last\" style=\"margin-top:0px;margin-bottom:20px;\"><div class=\"fusion-column-wrapper fusion-flex-column-wrapper-legacy\" style=\"background-position:left top;background-repeat:no-repeat;-webkit-background-size:cover;-moz-background-size:cover;-o-background-size:cover;background-size:cover;padding: 0px 0px 0px 0px;\"><style type=\"text\/css\"><\/style><div class=\"fusion-title title fusion-title-1 fusion-title-center fusion-title-text fusion-title-size-two\" style=\"margin-top:0px;margin-right:0px;margin-bottom:31px;margin-left:0px;\"><div class=\"title-sep-container title-sep-container-left\"><div class=\"title-sep sep-single sep-solid\" style=\"border-color:#c6b466;\"><\/div><\/div><h2 class=\"title-heading-center\" style=\"margin:0;\">Informations l\u00e9gales<\/h2><div class=\"title-sep-container title-sep-container-right\"><div class=\"title-sep sep-single sep-solid\" style=\"border-color:#c6b466;\"><\/div><\/div><\/div><div class=\"fusion-text fusion-text-1\"><p>Conform\u00e9ment aux dispositions des articles 6-III et 19 de la loi pour la Confiance dans l&rsquo;\u00c9conomie Num\u00e9rique, nous vous informons que :<\/p>\n<ul>\n<li><strong>Le pr\u00e9sent site web est \u00e9dit\u00e9 par :<br \/>\n<\/strong>LES CHAIS DU PORT DE LA LUNE<br \/>\nSAS au capital de 15.000\u20ac<br \/>\nInscrite au RCS de BORDEAUX sous le num\u00e9ro 831 205 141 00011<br \/>\nRepr\u00e9sent\u00e9e par Laurent Bordes &amp; Annica Landais-Haapa<br \/>\nSi\u00e8ge social : 6 rue Louis Combes 33000 Bordeaux, France<br \/>\nT\u00e9l\u00e9phone : 06 74 68 47 24 \/ 06 71 91 05 60<br \/>\nmail : <a href=\"\/en\/&\/#109;&#x61;&#x69;&#108;&#x74;&#x6f;&#58;&#x63;&#x6f;&#110;&#x74;&#x61;&#99;&#x74;&#x40;&#108;&#x65;&#x73;&#99;&#x68;&#x61;&#105;&#x73;&#x64;&#117;&#x70;&#x6f;r&#x74;&#x64;e&#x6c;&#x61;l&#117;&#x6e;e&#46;&#x63;o&#109;\">co&#110;&#116;&#97;&#x63;&#x74;&#x40;&#x6c;&#x65;sc&#104;&#97;&#105;&#x73;&#x64;&#x75;&#x70;&#x6f;rt&#100;&#101;&#108;&#x61;&#x6c;&#x75;&#x6e;&#x65;&#46;c&#111;&#109;<\/a><br \/>\nN\u00b0 TVA : FR60831205141<br \/>\nN\u00b0 R\u00e9pertoire des M\u00e9tiers : 831 205 141 RM 33<br \/>\nDirecteur de la Publication : Laurent Bordes &amp; Annica Landais-Haapa<\/li>\n<li><strong>Le prestataire assurant l&rsquo;h\u00e9bergement du site est :<\/strong><br \/>\nOVH, Soci\u00e9t\u00e9 par Actions Simplifi\u00e9e au capital de 10 069 020 \u20ac ayant son si\u00e8ge social au\u00a02 rue Kellermann, 59100 Roubaix, France<br \/>\nimmatricul\u00e9e sous le num\u00e9ro\u00a0424 761 419 RCS Lille M\u00e9tropole<br \/>\nN\u00b0 TVA\u00a0FR 22424761419<\/li>\n<\/ul>\n<ul>\n<li><strong>Conception, cr\u00e9ation, int\u00e9gration et d\u00e9veloppement :<\/strong><br \/>\nJEUDI SOIR<br \/>\nConseil, Cr\u00e9ation, Contenu \u00e0 la Carte<br \/>\nRepr\u00e9sent\u00e9e par Dante Nolleau<br \/>\n7, avenue Raymond Boivin, 33600 Pessac, France<br \/>\nSIRET : 43321942500017<br \/>\nN\u00b0 TVA\u00a0FR 04433219425<\/li>\n<\/ul>\n<\/div><div class=\"fusion-sep-clear\"><\/div><div class=\"fusion-separator fusion-full-width-sep\" style=\"margin-left: auto;margin-right: auto;margin-bottom:20px;width:100%;\"><\/div><div class=\"fusion-sep-clear\"><\/div><style type=\"text\/css\"><\/style><div class=\"fusion-title title fusion-title-2 fusion-title-center fusion-title-text fusion-title-size-two\" style=\"margin-top:0px;margin-right:0px;margin-bottom:31px;margin-left:0px;\"><div class=\"title-sep-container title-sep-container-left\"><div class=\"title-sep sep-single sep-solid\" style=\"border-color:#c6b466;\"><\/div><\/div><h2 class=\"title-heading-center\" style=\"margin:0;\">Conditions g\u00e9n\u00e9rales d&rsquo;utilisation<\/h2><div class=\"title-sep-container title-sep-container-right\"><div class=\"title-sep sep-single sep-solid\" style=\"border-color:#c6b466;\"><\/div><\/div><\/div><div class=\"fusion-text fusion-text-2\"><p>L\u2019utilisation du site <a href=\"https:\/\/leschaisduportdelalune.com\/en\/\">leschaisduportdelalune.com<\/a> implique l\u2019acceptation pleine et enti\u00e8re des conditions g\u00e9n\u00e9rales d\u2019utilisation ci-apr\u00e8s d\u00e9crites. Ces conditions d\u2019utilisation sont susceptibles d\u2019\u00eatre modifi\u00e9es ou compl\u00e9t\u00e9es \u00e0 tout moment, les utilisateurs du site <a href=\"https:\/\/leschaisduportdelalune.com\/en\/\">leschaisduportdelalune.com<\/a> sont donc invit\u00e9s \u00e0 les consulter de mani\u00e8re r\u00e9guli\u00e8re.<\/p>\n<p>Ce site est normalement accessible \u00e0 tout moment aux utilisateurs. Une interruption pour raison de maintenance technique peut \u00eatre toutefois d\u00e9cid\u00e9e par SAS Les Chais du Port de la Lune, qui s\u2019efforcera alors de communiquer pr\u00e9alablement aux utilisateurs les dates et heures de l\u2019intervention.<\/p>\n<p>Le site <a href=\"https:\/\/leschaisduportdelalune.com\/en\/\">leschaisduportdelalune.com<\/a> est mis \u00e0 jour r\u00e9guli\u00e8rement par Jeudi Soir. De la m\u00eame fa\u00e7on, les mentions l\u00e9gales peuvent \u00eatre modifi\u00e9es \u00e0 tout moment : elles s\u2019imposent n\u00e9anmoins \u00e0 l\u2019utilisateur qui est invit\u00e9 \u00e0 s\u2019y r\u00e9f\u00e9rer le plus souvent possible afin d\u2019en prendre connaissance.<\/p>\n<\/div><div class=\"fusion-sep-clear\"><\/div><div class=\"fusion-separator fusion-full-width-sep\" style=\"margin-left: auto;margin-right: auto;margin-bottom:20px;width:100%;\"><\/div><div class=\"fusion-sep-clear\"><\/div><style type=\"text\/css\"><\/style><div class=\"fusion-title title fusion-title-3 fusion-title-center fusion-title-text fusion-title-size-two\" style=\"margin-top:0px;margin-right:0px;margin-bottom:31px;margin-left:0px;\"><div class=\"title-sep-container title-sep-container-left\"><div class=\"title-sep sep-single sep-solid\" style=\"border-color:#c6b466;\"><\/div><\/div><h2 class=\"title-heading-center\" style=\"margin:0;\">Description des services fournis<\/h2><div class=\"title-sep-container title-sep-container-right\"><div class=\"title-sep sep-single sep-solid\" style=\"border-color:#c6b466;\"><\/div><\/div><\/div><div class=\"fusion-text fusion-text-3\"><p>Le site <a href=\"https:\/\/leschaisduportdelalune.com\/en\/\">leschaisduportdelalune.com<\/a> a pour objet de fournir une information concernant l\u2019ensemble des activit\u00e9s de la soci\u00e9t\u00e9.<\/p>\n<p>SAS Les Chais du Port de la Lune s\u2019efforce de fournir sur le site <a href=\"https:\/\/leschaisduportdelalune.com\/en\/\">leschaisduportdelalune.com<\/a> des informations aussi pr\u00e9cises que possible. Toutefois, il ne pourra \u00eatre tenue responsable des omissions, des inexactitudes et des carences dans la mise \u00e0 jour, qu\u2019elles soient de son fait ou du fait des tiers partenaires qui lui fournissent ces informations.<\/p>\n<p>Tous les informations indiqu\u00e9es sur le site leschaisduportdelalune.com sont donn\u00e9es \u00e0 titre indicatif, et sont susceptibles d\u2019\u00e9voluer. Par ailleurs, les renseignements figurant sur le site <a href=\"https:\/\/leschaisduportdelalune.com\/en\/\">leschaisduportdelalune.com<\/a> ne sont pas exhaustifs. Ils sont donn\u00e9s sous r\u00e9serve de modifications ayant \u00e9t\u00e9 apport\u00e9es depuis leur mise en ligne.<\/p>\n<\/div><div class=\"fusion-sep-clear\"><\/div><div class=\"fusion-separator fusion-full-width-sep\" style=\"margin-left: auto;margin-right: auto;margin-bottom:20px;width:100%;\"><\/div><div class=\"fusion-sep-clear\"><\/div><style type=\"text\/css\"><\/style><div class=\"fusion-title title fusion-title-4 fusion-title-center fusion-title-text fusion-title-size-two\" style=\"margin-top:0px;margin-right:0px;margin-bottom:31px;margin-left:0px;\"><div class=\"title-sep-container title-sep-container-left\"><div class=\"title-sep sep-single sep-solid\" style=\"border-color:#c6b466;\"><\/div><\/div><h2 class=\"title-heading-center\" style=\"margin:0;\">Propri\u00e9t\u00e9 intellectuelle<\/h2><div class=\"title-sep-container title-sep-container-right\"><div class=\"title-sep sep-single sep-solid\" style=\"border-color:#c6b466;\"><\/div><\/div><\/div><div class=\"fusion-text fusion-text-4\"><p>La structure g\u00e9n\u00e9rale ainsi que les logiciels, textes, images anim\u00e9es ou non, son savoir-faire et tous les autres \u00e9l\u00e9ments composant le site sont la propri\u00e9t\u00e9 exclusive du site <a href=\"https:\/\/leschaisduportdelalune.com\/en\/\">leschaisduportdelalune.com<\/a>. Toute repr\u00e9sentation totale ou partielle de ce site ou de son contenu par quelle que personne que ce soit, sans l&rsquo;autorisation expresse et \u00e9crite de SAS Les Chais du Port de la Lune est interdite et constituerait une contrefa\u00e7on sanctionn\u00e9e par les articles L. 335-2 et suivants du Code de la propri\u00e9t\u00e9 intellectuelle qui d\u00e9finit la contrefa\u00e7on comme un d\u00e9lit, et pr\u00e9voit jusqu&rsquo;\u00e0 trois ans d&#8217;emprisonnement et 300 000 euros d&rsquo;amende.<\/p>\n<p>Il en est de m\u00eame des bases de donn\u00e9es figurant, le cas \u00e9ch\u00e9ant sur le site web qui sont prot\u00e9g\u00e9es par les dispositions de la loi du 1er juillet 1998 portant transposition dans le Code de la propri\u00e9t\u00e9 intellectuelle de la directive du 11 mars 1996 relative \u00e0 la protection juridique des bases de donn\u00e9es, et dont le site <a href=\"https:\/\/leschaisduportdelalune.com\/en\/\">leschaisduportdelalune.com<\/a> est producteur.<\/p>\n<p>Les marques du site <a href=\"https:\/\/leschaisduportdelalune.com\/en\/\">leschaisduportdelalune.com<\/a> et de ses partenaires, ainsi que les logos figurant sur le site sont des marques d\u00e9pos\u00e9es. Toute reproduction totale ou partielle de ces marques ou de ces logos effectu\u00e9s \u00e0 partir des \u00e9l\u00e9ments du site sans l&rsquo;autorisation expresse de SAS Les Chais du Port de la Lune est donc prohib\u00e9e au sens du Code de la propri\u00e9t\u00e9 intellectuelle.<\/p>\n<p>Le site <a href=\"https:\/\/leschaisduportdelalune.com\/en\/\">leschaisduportdelalune.com<\/a> ne saurait \u00eatre responsable de l&rsquo;acc\u00e8s par les utilisateurs via les liens hypertextes mis en place dans le cadre du site internet en direction d&rsquo;autres ressources pr\u00e9sentes sur le r\u00e9seau.<\/p>\n<p>Tout litige en relation avec l&rsquo;utilisation du site <a href=\"https:\/\/leschaisduportdelalune.com\/en\/\">leschaisduportdelalune.com<\/a> est soumis au droit fran\u00e7ais. L&rsquo;utilisateur reconna\u00eet la comp\u00e9tence exclusive des tribunaux comp\u00e9tents de Bordeaux.<\/p>\n<\/div><div class=\"fusion-sep-clear\"><\/div><div class=\"fusion-separator fusion-full-width-sep\" style=\"margin-left: auto;margin-right: auto;margin-bottom:20px;width:100%;\"><\/div><div class=\"fusion-sep-clear\"><\/div><style type=\"text\/css\"><\/style><div class=\"fusion-title title fusion-title-5 fusion-title-center fusion-title-text fusion-title-size-two\" style=\"margin-top:0px;margin-right:0px;margin-bottom:31px;margin-left:0px;\"><div class=\"title-sep-container title-sep-container-left\"><div class=\"title-sep sep-single sep-solid\" style=\"border-color:#c6b466;\"><\/div><\/div><h2 class=\"title-heading-center\" style=\"margin:0;\">Limitations de responsabilit\u00e9<\/h2><div class=\"title-sep-container title-sep-container-right\"><div class=\"title-sep sep-single sep-solid\" style=\"border-color:#c6b466;\"><\/div><\/div><\/div><div class=\"fusion-text fusion-text-5\"><p>L&rsquo;utilisateur reconna\u00eet avoir pris connaissance des pr\u00e9sentes conditions d&rsquo;utilisation et s&rsquo;engage \u00e0 les respecter. L&rsquo;utilisateur du site internet <a href=\"https:\/\/leschaisduportdelalune.com\/en\/\">leschaisduportdelalune.com<\/a> reconna\u00eet disposer de la comp\u00e9tence et des moyens n\u00e9cessaires pour acc\u00e9der et utiliser ce site.\u00a0Il reconna\u00eet en outre avoir v\u00e9rifi\u00e9 que la configuration informatique utilis\u00e9e ne contient aucun virus et qu&rsquo;elle est en parfait \u00e9tat de fonctionnement.<\/p>\n<p>SAS Les Chais du Port de la Lune ne pourra \u00eatre tenue responsable des dommages directs et indirects caus\u00e9s au mat\u00e9riel de l\u2019utilisateur, lors de l\u2019acc\u00e8s au site <a href=\"https:\/\/leschaisduportdelalune.com\/en\/\">leschaisduportdelalune.com<\/a>, et r\u00e9sultant soit de l\u2019utilisation d\u2019un mat\u00e9riel ne r\u00e9pondant pas aux sp\u00e9cifications indiqu\u00e9es, soit de l\u2019apparition d\u2019un bug ou d\u2019une incompatibilit\u00e9.\u00a0SAS Les Chais du Port de la Lune ne pourra \u00e9galement \u00eatre tenue responsable des dommages indirects (tels par exemple qu\u2019une perte de march\u00e9 ou perte d\u2019une chance) cons\u00e9cutifs \u00e0 l\u2019utilisation du site <a href=\"https:\/\/leschaisduportdelalune.com\/en\/\">leschaisduportdelalune.com<\/a>.<\/p>\n<p>SAS Les Chais du Port de la Lune met tout en oeuvre pour offrir aux utilisateurs des informations et\/ou des outils disponibles et v\u00e9rifi\u00e9s mais ne saurait \u00eatre tenue pour responsable des erreurs, d&rsquo;une absence de disponibilit\u00e9 des fonctionnalit\u00e9s et\/ou de la pr\u00e9sence de virus sur son site. Les informations fournies par SAS Les Chais du Port de la Lune le sont \u00e0 titre indicatif et ne sauraient dispenser l&rsquo;utilisateur d&rsquo;une analyse compl\u00e9mentaire et personnalis\u00e9e.<\/p>\n<p>SAS Les Chais du Port de la Lune ne saurait garantir l&rsquo;exactitude, la compl\u00e9tude, l&rsquo;actualit\u00e9 des informations diffus\u00e9es sur son site.\u00a0En cons\u00e9quence, l&rsquo;utilisateur reconna\u00eet utiliser ces informations sous sa responsabilit\u00e9 exclusive.<\/p>\n<\/div><div class=\"fusion-sep-clear\"><\/div><div class=\"fusion-separator fusion-full-width-sep\" style=\"margin-left: auto;margin-right: auto;margin-bottom:20px;width:100%;\"><\/div><div class=\"fusion-sep-clear\"><\/div><style type=\"text\/css\"><\/style><div class=\"fusion-title title fusion-title-6 fusion-title-center fusion-title-text fusion-title-size-two\" style=\"margin-top:0px;margin-right:0px;margin-bottom:31px;margin-left:0px;\"><div class=\"title-sep-container title-sep-container-left\"><div class=\"title-sep sep-single sep-solid\" style=\"border-color:#c6b466;\"><\/div><\/div><h2 class=\"title-heading-center\" style=\"margin:0;\">Gestion des donn\u00e9es personnelles<\/h2><div class=\"title-sep-container title-sep-container-right\"><div class=\"title-sep sep-single sep-solid\" style=\"border-color:#c6b466;\"><\/div><\/div><\/div><div class=\"fusion-text fusion-text-6\"><p>En France, les donn\u00e9es personnelles sont notamment prot\u00e9g\u00e9es par la loi n\u00b0 78-87 du 6 janvier 1978, la loi n\u00b0 2004-801 du 6 ao\u00fbt 2004, l&rsquo;article L. 226-13 du Code p\u00e9nal et la Directive Europ\u00e9enne du 24 octobre 1995.<\/p>\n<p>A l&rsquo;occasion de l&rsquo;utilisation du site <a href=\"https:\/\/leschaisduportdelalune.com\/en\/\">leschaisduportdelalune.com<\/a>, peuvent \u00eatre recueillies : l&rsquo;URL des liens par l&rsquo;interm\u00e9diaire desquels l&rsquo;utilisateur a acc\u00e9d\u00e9 au site <a href=\"https:\/\/leschaisduportdelalune.com\/en\/\">leschaisduportdelalune.com<\/a>, le fournisseur d&rsquo;acc\u00e8s de l&rsquo;utilisateur, l&rsquo;adresse de protocole Internet (IP) de l&rsquo;utilisateur. En tout \u00e9tat de cause SAS Les Chais du Port de la Lune ne collecte des informations personnelles relatives \u00e0 l&rsquo;utilisateur que pour le besoin de certains services propos\u00e9s par le site <a href=\"https:\/\/leschaisduportdelalune.com\/en\/\">leschaisduportdelalune.com<\/a>. L&rsquo;utilisateur fournit ces informations en toute connaissance de cause, notamment lorsqu&rsquo;il proc\u00e8de par lui-m\u00eame \u00e0 leur saisie. Il est alors pr\u00e9cis\u00e9 \u00e0 l&rsquo;utilisateur du site <a href=\"https:\/\/leschaisduportdelalune.com\/en\/\">leschaisduportdelalune.com<\/a> l\u2019obligation ou non de fournir ces informations.<\/p>\n<p>Conform\u00e9ment aux dispositions des articles 38 et suivants de la loi 78-17 du 6 janvier 1978 relative \u00e0 l\u2019informatique, aux fichiers et aux libert\u00e9s, tout utilisateur dispose d\u2019un droit d\u2019acc\u00e8s, de rectification et d\u2019opposition aux donn\u00e9es personnelles le concernant, en effectuant sa demande \u00e9crite et sign\u00e9e, accompagn\u00e9e d\u2019une copie du titre d\u2019identit\u00e9 avec signature du titulaire de la pi\u00e8ce, en pr\u00e9cisant l\u2019adresse \u00e0 laquelle la r\u00e9ponse doit \u00eatre envoy\u00e9e.<\/p>\n<p>Aucune information personnelle de l&rsquo;utilisateur du site <a href=\"https:\/\/leschaisduportdelalune.com\/en\/\">leschaisduportdelalune.com<\/a> n&rsquo;est publi\u00e9e \u00e0 l&rsquo;insu de l&rsquo;utilisateur, \u00e9chang\u00e9e, transf\u00e9r\u00e9e, c\u00e9d\u00e9e ou vendue sur un support quelconque \u00e0 des tiers. Seule l&rsquo;hypoth\u00e8se du rachat de SAS Les Chais du Port de la Lune et de ses droits permettrait la transmission des dites informations \u00e0 l&rsquo;\u00e9ventuel acqu\u00e9reur qui serait \u00e0 son tour tenu de la m\u00eame obligation de conservation et de modification des donn\u00e9es vis \u00e0 vis de l&rsquo;utilisateur du site <a href=\"https:\/\/leschaisduportdelalune.com\/en\/\">leschaisduportdelalune.com<\/a>.<\/p>\n<p>Les bases de donn\u00e9es sont prot\u00e9g\u00e9es par les dispositions de la loi du 1er juillet 1998 transposant la directive 96\/9 du 11 mars 1996 relative \u00e0 la protection juridique des bases de donn\u00e9es.<\/p>\n<\/div><div class=\"fusion-sep-clear\"><\/div><div class=\"fusion-separator fusion-full-width-sep\" style=\"margin-left: auto;margin-right: auto;margin-bottom:20px;width:100%;\"><\/div><div class=\"fusion-sep-clear\"><\/div><style type=\"text\/css\"><\/style><div class=\"fusion-title title fusion-title-7 fusion-title-center fusion-title-text fusion-title-size-two\" style=\"margin-top:0px;margin-right:0px;margin-bottom:31px;margin-left:0px;\"><div class=\"title-sep-container title-sep-container-left\"><div class=\"title-sep sep-single sep-solid\" style=\"border-color:#c6b466;\"><\/div><\/div><h2 class=\"title-heading-center\" style=\"margin:0;\">Politique d&rsquo;utilisation des cookies<\/h2><div class=\"title-sep-container title-sep-container-right\"><div class=\"title-sep sep-single sep-solid\" style=\"border-color:#c6b466;\"><\/div><\/div><\/div><div class=\"fusion-text fusion-text-7\"><p>L&rsquo;utilisateur est inform\u00e9 que lors de ses visites sur le site <a href=\"https:\/\/leschaisduportdelalune.com\/en\/\">leschaisduportdelalune.com<\/a>, un cookie peut s&rsquo;installer automatiquement sur son logiciel de navigation. Le cookie est un bloc de donn\u00e9es qui ne permet pas d&rsquo;identifier les utilisateurs mais sert \u00e0 enregistrer des informations relatives \u00e0 la navigation de celui-ci sur le site. Le param\u00e9trage du logiciel de navigation permet d&rsquo;informer de la pr\u00e9sence de cookie et \u00e9ventuellement, de la refuser.<\/p>\n<p>L&rsquo;utilisateur dispose de l&rsquo;ensemble des droits susvis\u00e9s s&rsquo;agissant des donn\u00e9es \u00e0 caract\u00e8re personnel communiqu\u00e9es par le biais des cookies dans les conditions indiqu\u00e9es ci-dessus. Les utilisateurs du site internet leschaisduportdelalune.com sont tenus de respecter les dispositions de la loi n\u00b078-17 du 6 janvier 1978 modifi\u00e9e, relative \u00e0 l&rsquo;informatique, aux fichiers et aux libert\u00e9s, dont la violation est passible de sanctions p\u00e9nales.<\/p>\n<p>Ils doivent notamment s&rsquo;abstenir, s&rsquo;agissant des informations \u00e0 caract\u00e8re personnel auxquelles ils acc\u00e8dent ou pourraient acc\u00e9der, de toute collecte, de toute utilisation d\u00e9tourn\u00e9e d&rsquo;une mani\u00e8re g\u00e9n\u00e9rale, de tout acte susceptible de porter atteinte \u00e0 la vie priv\u00e9e ou \u00e0 la r\u00e9putation des personnes.<\/p>\n<\/div><div class=\"fusion-sep-clear\"><\/div><div class=\"fusion-separator fusion-full-width-sep\" style=\"margin-left: auto;margin-right: auto;margin-bottom:20px;width:100%;\"><\/div><div class=\"fusion-sep-clear\"><\/div><div class=\"fusion-clearfix\"><\/div><\/div><\/div><\/div><\/div>","protected":false},"excerpt":{"rendered":"","protected":false},"author":1,"featured_media":0,"parent":0,"menu_order":10,"comment_status":"closed","ping_status":"closed","template":"","meta":{"footnotes":""},"yoast_head":"<!-- This site is optimized with the Yoast SEO plugin v22.7 - https:\/\/yoast.com\/wordpress\/plugins\/seo\/ -->\n<title>Mentions l\u00e9gales - Les Chais du Port de la Lune<\/title>\n<meta name=\"robots\" content=\"index, follow, max-snippet:-1, max-image-preview:large, max-video-preview:-1\" \/>\n<link rel=\"canonical\" href=\"https:\/\/leschaisduportdelalune.com\/en\/mentions-legales\/\" \/>\n<meta property=\"og:locale\" content=\"en_US\" \/>\n<meta property=\"og:type\" content=\"article\" \/>\n<meta property=\"og:title\" content=\"Mentions l\u00e9gales - Les Chais du Port de la Lune\" \/>\n<meta property=\"og:url\" content=\"https:\/\/leschaisduportdelalune.com\/en\/mentions-legales\/\" \/>\n<meta property=\"og:site_name\" content=\"Les Chais du Port de la Lune\" \/>\n<meta property=\"article:modified_time\" content=\"2020-05-29T11:32:16+00:00\" \/>\n<meta name=\"twitter:card\" content=\"summary_large_image\" \/>\n<meta name=\"twitter:label1\" content=\"Est. reading time\" \/>\n\t<meta name=\"twitter:data1\" content=\"12 minutes\" \/>\n<script type=\"application\/ld+json\" class=\"yoast-schema-graph\">{\"@context\":\"https:\/\/schema.org\",\"@graph\":[{\"@type\":\"WebPage\",\"@id\":\"https:\/\/leschaisduportdelalune.com\/mentions-legales\/\",\"url\":\"https:\/\/leschaisduportdelalune.com\/mentions-legales\/\",\"name\":\"Mentions l\u00e9gales - Les Chais du Port de la Lune\",\"isPartOf\":{\"@id\":\"https:\/\/leschaisduportdelalune.com\/#website\"},\"datePublished\":\"2018-05-15T16:00:12+00:00\",\"dateModified\":\"2020-05-29T11:32:16+00:00\",\"breadcrumb\":{\"@id\":\"https:\/\/leschaisduportdelalune.com\/mentions-legales\/#breadcrumb\"},\"inLanguage\":\"en-US\",\"potentialAction\":[{\"@type\":\"ReadAction\",\"target\":[\"https:\/\/leschaisduportdelalune.com\/mentions-legales\/\"]}]},{\"@type\":\"BreadcrumbList\",\"@id\":\"https:\/\/leschaisduportdelalune.com\/mentions-legales\/#breadcrumb\",\"itemListElement\":[{\"@type\":\"ListItem\",\"position\":1,\"name\":\"Accueil\",\"item\":\"https:\/\/leschaisduportdelalune.com\/\"},{\"@type\":\"ListItem\",\"position\":2,\"name\":\"Mentions l\u00e9gales\"}]},{\"@type\":\"WebSite\",\"@id\":\"https:\/\/leschaisduportdelalune.com\/#website\",\"url\":\"https:\/\/leschaisduportdelalune.com\/\",\"name\":\"Les Chais du Port de la Lune\",\"description\":\"Chai urbain \u00e0 Bordeaux\",\"potentialAction\":[{\"@type\":\"SearchAction\",\"target\":{\"@type\":\"EntryPoint\",\"urlTemplate\":\"https:\/\/leschaisduportdelalune.com\/?s={search_term_string}\"},\"query-input\":\"required name=search_term_string\"}],\"inLanguage\":\"en-US\"}]}<\/script>\n<!-- \/ Yoast SEO plugin. -->","yoast_head_json":{"title":"Mentions l\u00e9gales - Les Chais du Port de la Lune","robots":{"index":"index","follow":"follow","max-snippet":"max-snippet:-1","max-image-preview":"max-image-preview:large","max-video-preview":"max-video-preview:-1"},"canonical":"https:\/\/leschaisduportdelalune.com\/en\/mentions-legales\/","og_locale":"en_US","og_type":"article","og_title":"Mentions l\u00e9gales - Les Chais du Port de la Lune","og_url":"https:\/\/leschaisduportdelalune.com\/en\/mentions-legales\/","og_site_name":"Les Chais du Port de la Lune","article_modified_time":"2020-05-29T11:32:16+00:00","twitter_card":"summary_large_image","twitter_misc":{"Est. reading time":"12 minutes"},"schema":{"@context":"https:\/\/schema.org","@graph":[{"@type":"WebPage","@id":"https:\/\/leschaisduportdelalune.com\/mentions-legales\/","url":"https:\/\/leschaisduportdelalune.com\/mentions-legales\/","name":"Mentions l\u00e9gales - Les Chais du Port de la Lune","isPartOf":{"@id":"https:\/\/leschaisduportdelalune.com\/#website"},"datePublished":"2018-05-15T16:00:12+00:00","dateModified":"2020-05-29T11:32:16+00:00","breadcrumb":{"@id":"https:\/\/leschaisduportdelalune.com\/mentions-legales\/#breadcrumb"},"inLanguage":"en-US","potentialAction":[{"@type":"ReadAction","target":["https:\/\/leschaisduportdelalune.com\/mentions-legales\/"]}]},{"@type":"BreadcrumbList","@id":"https:\/\/leschaisduportdelalune.com\/mentions-legales\/#breadcrumb","itemListElement":[{"@type":"ListItem","position":1,"name":"Accueil","item":"https:\/\/leschaisduportdelalune.com\/"},{"@type":"ListItem","position":2,"name":"Mentions l\u00e9gales"}]},{"@type":"WebSite","@id":"https:\/\/leschaisduportdelalune.com\/#website","url":"https:\/\/leschaisduportdelalune.com\/","name":"Les Chais du Port de la Lune","description":"Chai urbain \u00e0 Bordeaux","potentialAction":[{"@type":"SearchAction","target":{"@type":"EntryPoint","urlTemplate":"https:\/\/leschaisduportdelalune.com\/?s={search_term_string}"},"query-input":"required name=search_term_string"}],"inLanguage":"en-US"}]}},"_links":{"self":[{"href":"https:\/\/leschaisduportdelalune.com\/en\/wp-json\/wp\/v2\/pages\/10"}],"collection":[{"href":"https:\/\/leschaisduportdelalune.com\/en\/wp-json\/wp\/v2\/pages"}],"about":[{"href":"https:\/\/leschaisduportdelalune.com\/en\/wp-json\/wp\/v2\/types\/page"}],"author":[{"embeddable":true,"href":"https:\/\/leschaisduportdelalune.com\/en\/wp-json\/wp\/v2\/users\/1"}],"replies":[{"embeddable":true,"href":"https:\/\/leschaisduportdelalune.com\/en\/wp-json\/wp\/v2\/comments?post=10"}],"version-history":[{"count":0,"href":"https:\/\/leschaisduportdelalune.com\/en\/wp-json\/wp\/v2\/pages\/10\/revisions"}],"wp:attachment":[{"href":"https:\/\/leschaisduportdelalune.com\/en\/wp-json\/wp\/v2\/media?parent=10"}],"curies":[{"name":"wp","href":"https:\/\/api.w.org\/{rel}","templated":true}]}}